{"id":2887,"date":"2021-03-15T05:06:51","date_gmt":"2021-03-15T05:06:51","guid":{"rendered":"https:\/\/yoddenwp.websitelayout.net\/?page_id=2887"},"modified":"2024-05-18T14:29:53","modified_gmt":"2024-05-18T14:29:53","slug":"services","status":"publish","type":"page","link":"https:\/\/webvisionagency.ro\/ro\/services\/","title":{"rendered":"Servicii"},"content":{"rendered":"<div data-elementor-type=\"wp-page\" data-elementor-id=\"2887\" class=\"elementor elementor-2887\">\n\t\t\t\t\t\t<section class=\"elementor-section elementor-top-section elementor-element elementor-element-56ba9d9 elementor-section-full_width elementor-section-stretched page-title-section elementor-section-height-default elementor-section-height-default\" data-id=\"56ba9d9\" data-element_type=\"section\" data-settings=\"{&quot;stretch_section&quot;:&quot;section-stretched&quot;,&quot;background_background&quot;:&quot;classic&quot;}\">\n\t\t\t\t\t\t\t<div class=\"elementor-background-overlay\"><\/div>\n\t\t\t\t\t\t\t<div class=\"elementor-container elementor-column-gap-extended\">\n\t\t\t\t\t<div class=\"elementor-column elementor-col-100 elementor-top-column elementor-element elementor-element-b652adf\" data-id=\"b652adf\" data-element_type=\"column\">\n\t\t\t<div class=\"elementor-widget-wrap elementor-element-populated\">\n\t\t\t\t\t\t<section class=\"elementor-section elementor-inner-section elementor-element elementor-element-d73e806 elementor-section-boxed elementor-section-height-default elementor-section-height-default\" data-id=\"d73e806\" data-element_type=\"section\">\n\t\t\t\t\t\t<div class=\"elementor-container elementor-column-gap-no\">\n\t\t\t\t\t<div class=\"elementor-column elementor-col-100 elementor-inner-column elementor-element elementor-element-322fbca\" data-id=\"322fbca\" data-element_type=\"column\">\n\t\t\t<div class=\"elementor-widget-wrap elementor-element-populated\">\n\t\t\t\t\t\t<div class=\"elementor-element elementor-element-5815cb7 mb-0 elementor-widget elementor-widget-text-editor\" data-id=\"5815cb7\" data-element_type=\"widget\" data-widget_type=\"text-editor.default\">\n\t\t\t\t<div class=\"elementor-widget-container\">\n\t\t\t<style>\/*! elementor - v3.21.0 - 22-05-2024 *\/\n.elementor-widget-text-editor.elementor-drop-cap-view-stacked .elementor-drop-cap{background-color:#69727d;color:#fff}.elementor-widget-text-editor.elementor-drop-cap-view-framed .elementor-drop-cap{color:#69727d;border:3px solid;background-color:transparent}.elementor-widget-text-editor:not(.elementor-drop-cap-view-default) .elementor-drop-cap{margin-top:8px}.elementor-widget-text-editor:not(.elementor-drop-cap-view-default) .elementor-drop-cap-letter{width:1em;height:1em}.elementor-widget-text-editor .elementor-drop-cap{float:left;text-align:center;line-height:1;font-size:50px}.elementor-widget-text-editor .elementor-drop-cap-letter{display:inline-block}<\/style>\t\t\t\t<div class=\"position-relative\">\n<h1>Serviciile Noastre<\/h1>\n<\/div>\t\t\t\t\t\t<\/div>\n\t\t\t\t<\/div>\n\t\t\t\t<div class=\"elementor-element elementor-element-02f5aad mb-0 elementor-widget elementor-widget-text-editor\" data-id=\"02f5aad\" data-element_type=\"widget\" data-widget_type=\"text-editor.default\">\n\t\t\t\t<div class=\"elementor-widget-container\">\n\t\t\t\t\t\t\t<ul>\n \t<li><a href=\"https:\/\/flywebwp.websitelayout.net\/\">Acasa<\/a><\/li>\n \t<li>Serviciile Noastre<\/li>\n<\/ul>\t\t\t\t\t\t<\/div>\n\t\t\t\t<\/div>\n\t\t\t\t\t<\/div>\n\t\t<\/div>\n\t\t\t\t\t<\/div>\n\t\t<\/section>\n\t\t\t\t\t<\/div>\n\t\t<\/div>\n\t\t\t\t\t<\/div>\n\t\t<\/section>\n\t\t\t\t<section class=\"elementor-section elementor-top-section elementor-element elementor-element-5ffc914 elementor-section-stretched bg-light elementor-section-boxed elementor-section-height-default elementor-section-height-default\" data-id=\"5ffc914\" data-element_type=\"section\" data-settings=\"{&quot;stretch_section&quot;:&quot;section-stretched&quot;}\">\n\t\t\t\t\t\t<div class=\"elementor-container elementor-column-gap-extended\">\n\t\t\t\t\t<div class=\"elementor-column elementor-col-100 elementor-top-column elementor-element elementor-element-fbdb4f9\" data-id=\"fbdb4f9\" data-element_type=\"column\">\n\t\t\t<div class=\"elementor-widget-wrap elementor-element-populated\">\n\t\t\t\t\t\t<div class=\"elementor-element elementor-element-e0d77c8 mb-0 elementor-widget elementor-widget-text-editor\" data-id=\"e0d77c8\" data-element_type=\"widget\" data-widget_type=\"text-editor.default\">\n\t\t\t\t<div class=\"elementor-widget-container\">\n\t\t\t\t\t\t\t<div class=\"section-title mb-1-9 mb-md-6 text-center\"><span class=\"sm-title\">Ce facem?<\/span>\n<h2 class=\"mb-0 h1\">Webvision v\u0103 ofer\u0103 o gam\u0103 variat\u0103 de servicii<\/h2>\n<\/div>\t\t\t\t\t\t<\/div>\n\t\t\t\t<\/div>\n\t\t\t\t<div class=\"elementor-element elementor-element-0c07fa2 elementor-align-left elementor-widget elementor-widget-wl-service-v1\" data-id=\"0c07fa2\" data-element_type=\"widget\" data-widget_type=\"wl-service-v1.default\">\n\t\t\t\t<div class=\"elementor-widget-container\">\n\t\t\t\r\n\t\t<div class=\"row g-xl-5 mt-n1-6\">\r\n\r\n\t\t\t\r\n\t            <div class=\"col-md-6 col-xl-4 mt-1-6\">\r\n\t                <div class=\"card-style03 bg-img cover-background overflow-visible bg-light\"  data-background=\"https:\/\/webvisionagency.ro\/wp-content\/uploads\/2024\/04\/web-design.jpg\" >\r\n\t                    <span class=\"icon\">\r\n\t                    \t\t                        \t<img decoding=\"async\" src=\"https:\/\/webvisionagency.ro\/wp-content\/uploads\/2024\/04\/serviceswebdesig.png\" alt=\"Service Icon\">\r\n\t                        \t                    <\/span>                            \r\n\t                    <div class=\"overflow-hidden position-relative z-index-9\">\r\n\t                    \t\t                        \t<h3 class=\"h2 mb-3\"><a href=\"\">Web<br> Design<\/a><\/h3>\r\n\t                        \r\n\t                        <div class=\"card-content\">\r\n\t                        \t\t                            \t<p>Realiz\u0103m website-uri elegante din punct de vedere vizual,  personalizate pentru identitatea brandului dvs., asigur\u00e2nd o experien\u021b\u0103 de utilizare fluent\u0103 pe toate dispozitivele.<\/p>\r\n\t                            \r\n\t                            \t                        <\/div>\r\n\t                    <\/div>\r\n\t                <\/div>\r\n\t            <\/div>\r\n\r\n\t        \r\n\t            <div class=\"col-md-6 col-xl-4 mt-1-6\">\r\n\t                <div class=\"card-style03 bg-img cover-background overflow-visible bg-light\"  data-background=\"https:\/\/webvisionagency.ro\/wp-content\/uploads\/2024\/04\/web-dev.jpg\" >\r\n\t                    <span class=\"icon\">\r\n\t                    \t\t                        \t<img decoding=\"async\" src=\"https:\/\/webvisionagency.ro\/wp-content\/uploads\/2024\/04\/servicesdev.png\" alt=\"Service Icon\">\r\n\t                        \t                    <\/span>                            \r\n\t                    <div class=\"overflow-hidden position-relative z-index-9\">\r\n\t                    \t\t                        \t<h3 class=\"h2 mb-3\"><a href=\"\">Web<br> Development<\/a><\/h3>\r\n\t                        \r\n\t                        <div class=\"card-content\">\r\n\t                        \t\t                            \t<p>De la \u00eentre\u021binerea lunar\u0103 la proiecte complexe, echipa noastr\u0103 se asigur\u0103 c\u0103 aplica\u021bia web\/aplica\u021bia mobil\u0103 evolueaz\u0103 al\u0103turi de afacerea dvs., oferind performan\u021be premium.<\/p>\r\n\t                            \r\n\t                            \t                        <\/div>\r\n\t                    <\/div>\r\n\t                <\/div>\r\n\t            <\/div>\r\n\r\n\t        \r\n\t            <div class=\"col-md-6 col-xl-4 mt-1-6\">\r\n\t                <div class=\"card-style03 bg-img cover-background overflow-visible bg-light\"  data-background=\"https:\/\/webvisionagency.ro\/wp-content\/uploads\/2024\/04\/e-commerce.jpg\" >\r\n\t                    <span class=\"icon\">\r\n\t                    \t\t                        \t<img decoding=\"async\" src=\"https:\/\/webvisionagency.ro\/wp-content\/uploads\/2024\/04\/serviceesecommer.png\" alt=\"Service Icon\">\r\n\t                        \t                    <\/span>                            \r\n\t                    <div class=\"overflow-hidden position-relative z-index-9\">\r\n\t                    \t\t                        \t<h3 class=\"h2 mb-3\"><a href=\"\">E-Commerce<br>Solutions<\/a><\/h3>\r\n\t                        \r\n\t                        <div class=\"card-content\">\r\n\t                        \t\t                            \t<p>De la UI\/UX, la designul la gateway-urilor de plat\u0103 securizate, adapt\u0103m fiecare aspect pentru a stimula v\u00e2nz\u0103rile \u0219i a \u00eembun\u0103t\u0103\u021bi satisfac\u021bia clien\u021bilor. Transform\u0103m viziunea afacerii tale \u00een realitate! <\/p>\r\n\t                            \r\n\t                            \t                        <\/div>\r\n\t                    <\/div>\r\n\t                <\/div>\r\n\t            <\/div>\r\n\r\n\t        \r\n\t            <div class=\"col-md-6 col-xl-4 mt-1-6\">\r\n\t                <div class=\"card-style03 bg-img cover-background overflow-visible bg-light\"  data-background=\"https:\/\/webvisionagency.ro\/wp-content\/uploads\/2024\/04\/maintanance-1.jpg\" >\r\n\t                    <span class=\"icon\">\r\n\t                    \t\t                        \t<img decoding=\"async\" src=\"https:\/\/webvisionagency.ro\/wp-content\/uploads\/2024\/04\/servicesmainte.png\" alt=\"Service Icon\">\r\n\t                        \t                    <\/span>                            \r\n\t                    <div class=\"overflow-hidden position-relative z-index-9\">\r\n\t                    \t\t                        \t<h3 class=\"h2 mb-3\"><a href=\"\">Mentenan\u021b\u0103<\/a><\/h3>\r\n\t                        \r\n\t                        <div class=\"card-content\">\r\n\t                        \t\t                            \t<p>De la actualiz\u0103ri regulate la rezolvarea problemelor, ne asigur\u0103m c\u0103 site-ul dvs. r\u0103m\u00e2ne securizat, actualizat \u0219i optimizat. L\u0103sa\u021bi-ne s\u0103 ne ocup\u0103m de aspectele tehnice, astfel \u00eenc\u00e2t s\u0103 v\u0103 pute\u021bi concentra pe cre\u0219terea afacerii dvs.<\/p>\r\n\t                            \r\n\t                            \t                        <\/div>\r\n\t                    <\/div>\r\n\t                <\/div>\r\n\t            <\/div>\r\n\r\n\t        \r\n\t            <div class=\"col-md-6 col-xl-4 mt-1-6\">\r\n\t                <div class=\"card-style03 bg-img cover-background overflow-visible bg-light\"  data-background=\"https:\/\/webvisionagency.ro\/wp-content\/uploads\/2024\/04\/seo-1.jpg\" >\r\n\t                    <span class=\"icon\">\r\n\t                    \t\t                        \t<img decoding=\"async\" src=\"https:\/\/webvisionagency.ro\/wp-content\/uploads\/2024\/04\/servicesseo.png\" alt=\"Service Icon\">\r\n\t                        \t                    <\/span>                            \r\n\t                    <div class=\"overflow-hidden position-relative z-index-9\">\r\n\t                    \t\t                        \t<h3 class=\"h2 mb-3\"><a href=\"\">Optimizare SEO<\/a><\/h3>\r\n\t                        \r\n\t                        <div class=\"card-content\">\r\n\t                        \t\t                            \t<p>Cre\u0219te\u021bi vizibilitatea online \u0219i genera\u021bi trafic organic cu solu\u021biile noastre de optimizare pentru motoarele de c\u0103utare (SEO). Oferim optimizare pentru cuvinte cheie \u0219i strategii de con\u021binut pentru a \u00eembun\u0103t\u0103\u021bi pozi\u021bionarea dvs. \u00een motoarele de c\u0103utare.<\/p>\r\n\t                            \r\n\t                            \t                        <\/div>\r\n\t                    <\/div>\r\n\t                <\/div>\r\n\t            <\/div>\r\n\r\n\t        \r\n\t            <div class=\"col-md-6 col-xl-4 mt-1-6\">\r\n\t                <div class=\"card-style03 bg-img cover-background overflow-visible bg-light\"  data-background=\"https:\/\/webvisionagency.ro\/wp-content\/uploads\/2024\/04\/hosting-1.jpg\" >\r\n\t                    <span class=\"icon\">\r\n\t                    \t\t                        \t<img decoding=\"async\" src=\"https:\/\/webvisionagency.ro\/wp-content\/uploads\/2024\/04\/serviceshosting.png\" alt=\"Service Icon\">\r\n\t                        \t                    <\/span>                            \r\n\t                    <div class=\"overflow-hidden position-relative z-index-9\">\r\n\t                    \t\t                        \t<h3 class=\"h2 mb-3\"><a href=\"\">G\u0103zduire + Domeniu Web<\/a><\/h3>\r\n\t                        \r\n\t                        <div class=\"card-content\">\r\n\t                        \t\t                            \t<p>G\u0103zduire web \u0219i \u00eenregistrare de domeniu pentru experien\u021ba dvs. digital\u0103. L\u0103sa\u021bi-ne s\u0103 g\u0103zduim site-ul dvs. cu \u00eencredere, asigur\u00e2ndu-ne c\u0103 r\u0103m\u00e2ne securizat, accesibil \u0219i func\u021bioneaz\u0103 la capacitate maxim\u0103.<\/p>\r\n\t                            \r\n\t                            \t                        <\/div>\r\n\t                    <\/div>\r\n\t                <\/div>\r\n\t            <\/div>\r\n\r\n\t        \r\n\t            <div class=\"col-md-6 col-xl-4 mt-1-6\">\r\n\t                <div class=\"card-style03 bg-img cover-background overflow-visible bg-light\"  data-background=\"https:\/\/webvisionagency.ro\/wp-content\/uploads\/2024\/04\/logo-design.jpg\" >\r\n\t                    <span class=\"icon\">\r\n\t                    \t\t                        \t<img decoding=\"async\" src=\"https:\/\/webvisionagency.ro\/wp-content\/uploads\/2024\/04\/serviceslogo.png\" alt=\"Service Icon\">\r\n\t                        \t                    <\/span>                            \r\n\t                    <div class=\"overflow-hidden position-relative z-index-9\">\r\n\t                    \t\t                        \t<h3 class=\"h2 mb-3\"><a href=\"\">Logo <br> Design<\/a><\/h3>\r\n\t                        \r\n\t                        <div class=\"card-content\">\r\n\t                        \t\t                            \t<p>Echipa noastr\u0103 talentat\u0103 colaboreaz\u0103 str\u00e2ns cu dvs. pentru a crea un logo unic \u0219i impactant care rezonaz\u0103 cu publicul dvs. \u021bint\u0103.<\/p>\r\n\t                            \r\n\t                            \t                        <\/div>\r\n\t                    <\/div>\r\n\t                <\/div>\r\n\t            <\/div>\r\n\r\n\t        \r\n\t            <div class=\"col-md-6 col-xl-4 mt-1-6\">\r\n\t                <div class=\"card-style03 bg-img cover-background overflow-visible bg-light\"  data-background=\"https:\/\/webvisionagency.ro\/wp-content\/uploads\/2024\/04\/business-cards.jpg\" >\r\n\t                    <span class=\"icon\">\r\n\t                    \t\t                        \t<img decoding=\"async\" src=\"https:\/\/webvisionagency.ro\/wp-content\/uploads\/2024\/04\/servicesbusinesscard.png\" alt=\"Service Icon\">\r\n\t                        \t                    <\/span>                            \r\n\t                    <div class=\"overflow-hidden position-relative z-index-9\">\r\n\t                    \t\t                        \t<h3 class=\"h2 mb-3\"><a href=\"\">C\u0103r\u021bi <br> de vizit\u0103<\/a><\/h3>\r\n\t                        \r\n\t                        <div class=\"card-content\">\r\n\t                        \t\t                            \t<p>Crea\u021bi o prim\u0103 impresie memorabil\u0103 cu serviciul nostru de design de c\u0103r\u021bi de vizit\u0103 personalizate. Personalitatea brandului dvs. va capta aten\u021bia \u0219i va l\u0103sa o impresie durabil\u0103<\/p>\r\n\t                            \r\n\t                            \t                        <\/div>\r\n\t                    <\/div>\r\n\t                <\/div>\r\n\t            <\/div>\r\n\r\n\t        \r\n\t            <div class=\"col-md-6 col-xl-4 mt-1-6\">\r\n\t                <div class=\"card-style03 bg-img cover-background overflow-visible bg-light\"  data-background=\"https:\/\/webvisionagency.ro\/wp-content\/uploads\/2024\/04\/poster-design.jpg\" >\r\n\t                    <span class=\"icon\">\r\n\t                    \t\t                        \t<img decoding=\"async\" src=\"https:\/\/webvisionagency.ro\/wp-content\/uploads\/2024\/04\/servicesposterdesign.png\" alt=\"Service Icon\">\r\n\t                        \t                    <\/span>                            \r\n\t                    <div class=\"overflow-hidden position-relative z-index-9\">\r\n\t                    \t\t                        \t<h3 class=\"h2 mb-3\"><a href=\"\">Design Postere<\/a><\/h3>\r\n\t                        \r\n\t                        <div class=\"card-content\">\r\n\t                        \t\t                            \t<p>Noi cream afi\u0219e care atrag aten\u021bia \u0219i stimuleaz\u0103 angajamentul. S\u0103 r\u0103sp\u00e2ndim mesajul dvs. eficient \u0219i s\u0103 facem o declara\u021bie \u00eendr\u0103znea\u021b\u0103 pentru evenimentul, promo\u021bia sau campania dvs. !<\/p>\r\n\t                            \r\n\t                            \t                        <\/div>\r\n\t                    <\/div>\r\n\t                <\/div>\r\n\t            <\/div>\r\n\r\n\t        \r\n\t            <div class=\"col-md-6 col-xl-4 mt-1-6\">\r\n\t                <div class=\"card-style03 bg-img cover-background overflow-visible bg-light\"  data-background=\"https:\/\/webvisionagency.ro\/wp-content\/uploads\/2024\/04\/flyer-design.jpg\" >\r\n\t                    <span class=\"icon\">\r\n\t                    \t\t                        \t<img decoding=\"async\" src=\"https:\/\/webvisionagency.ro\/wp-content\/uploads\/2024\/04\/servicesflyer.png\" alt=\"Service Icon\">\r\n\t                        \t                    <\/span>                            \r\n\t                    <div class=\"overflow-hidden position-relative z-index-9\">\r\n\t                    \t\t                        \t<h3 class=\"h2 mb-3\"><a href=\"\">Flyere\/Bro\u0219uri<br> Design<\/a><\/h3>\r\n\t                        \r\n\t                        <div class=\"card-content\">\r\n\t                        \t\t                            \t<p>Permite\u021bi-ne s\u0103 v\u0103 ajut\u0103m s\u0103 v\u0103 atinge\u021bi publicul \u021bint\u0103 \u0219i s\u0103 v\u0103 atinge\u021bi obiectivele de marketing cu designuri captivante pentru pliante \u0219i bro\u0219uri care inspir\u0103 ac\u021biune.<\/p>\r\n\t                            \r\n\t                            \t                        <\/div>\r\n\t                    <\/div>\r\n\t                <\/div>\r\n\t            <\/div>\r\n\r\n\t        \r\n\t            <div class=\"col-md-6 col-xl-4 mt-1-6\">\r\n\t                <div class=\"card-style03 bg-img cover-background overflow-visible bg-light\"  data-background=\"https:\/\/webvisionagency.ro\/wp-content\/uploads\/2024\/04\/content-writing.jpg\" >\r\n\t                    <span class=\"icon\">\r\n\t                    \t\t                        \t<img decoding=\"async\" src=\"https:\/\/webvisionagency.ro\/wp-content\/uploads\/2024\/04\/serviceswriting.png\" alt=\"Service Icon\">\r\n\t                        \t                    <\/span>                            \r\n\t                    <div class=\"overflow-hidden position-relative z-index-9\">\r\n\t                    \t\t                        \t<h3 class=\"h2 mb-3\"><a href=\"\">Content <br> Writing<\/a><\/h3>\r\n\t                        \r\n\t                        <div class=\"card-content\">\r\n\t                        \t\t                            \t<p>Descoper\u0103 putera cuvintelor cu ajutorul serviciilor noastre de create de con\u021binut. Un con\u021binut captivant \u0219i de calitate va ajuta afacerea s\u0103-\u0219i creasc\u0103 vizibilitatea online. <\/p>\r\n\t                            \r\n\t                            \t                        <\/div>\r\n\t                    <\/div>\r\n\t                <\/div>\r\n\t            <\/div>\r\n\r\n\t        \r\n\t            <div class=\"col-md-6 col-xl-4 mt-1-6\">\r\n\t                <div class=\"card-style03 bg-img cover-background overflow-visible bg-light\"  data-background=\"https:\/\/webvisionagency.ro\/wp-content\/uploads\/2024\/04\/creative.jpg\" >\r\n\t                    <span class=\"icon\">\r\n\t                    \t\t                        \t<img decoding=\"async\" src=\"https:\/\/webvisionagency.ro\/wp-content\/uploads\/2024\/04\/servicescreative.png\" alt=\"Service Icon\">\r\n\t                        \t                    <\/span>                            \r\n\t                    <div class=\"overflow-hidden position-relative z-index-9\">\r\n\t                    \t\t                        \t<h3 class=\"h2 mb-3\"><a href=\"\">Creative<br> Content<\/a><\/h3>\r\n\t                        \r\n\t                        <div class=\"card-content\">\r\n\t                        \t\t                            \t<p>Oferim servicii de fotografie, editare de imagini de \u00eenalt\u0103 calitate \u0219i direc\u021bie creativ\u0103 strategic\u0103 pentru a v\u0103 ajuta s\u0103 da\u021bi via\u021b\u0103 viziunii dvs.<\/p>\r\n\t                            \r\n\t                            \t                        <\/div>\r\n\t                    <\/div>\r\n\t                <\/div>\r\n\t            <\/div>\r\n\r\n\t        \r\n\t    <\/div>\r\n\r\n\t\t\t<\/div>\n\t\t\t\t<\/div>\n\t\t\t\t\t<\/div>\n\t\t<\/div>\n\t\t\t\t\t<\/div>\n\t\t<\/section>\n\t\t\t\t<\/div>","protected":false},"excerpt":{"rendered":"<p>Our Services Home Our Services What We Do Webvision offers a wide range of services Web Design We craft visually stunning websites customized to your brand identity, ensuring smooth user experience across all devices. We bring your vision to life trough web design. Web Development From monthly maintenance to complex projects, our team ensures your [&hellip;]<\/p>","protected":false},"author":1,"featured_media":0,"parent":0,"menu_order":0,"comment_status":"closed","ping_status":"closed","template":"page-templates\/home.php","meta":{"_themeisle_gutenberg_block_has_review":false,"footnotes":""},"_links":{"self":[{"href":"https:\/\/webvisionagency.ro\/ro\/wp-json\/wp\/v2\/pages\/2887"}],"collection":[{"href":"https:\/\/webvisionagency.ro\/ro\/wp-json\/wp\/v2\/pages"}],"about":[{"href":"https:\/\/webvisionagency.ro\/ro\/wp-json\/wp\/v2\/types\/page"}],"author":[{"embeddable":true,"href":"https:\/\/webvisionagency.ro\/ro\/wp-json\/wp\/v2\/users\/1"}],"replies":[{"embeddable":true,"href":"https:\/\/webvisionagency.ro\/ro\/wp-json\/wp\/v2\/comments?post=2887"}],"version-history":[{"count":62,"href":"https:\/\/webvisionagency.ro\/ro\/wp-json\/wp\/v2\/pages\/2887\/revisions"}],"predecessor-version":[{"id":22897,"href":"https:\/\/webvisionagency.ro\/ro\/wp-json\/wp\/v2\/pages\/2887\/revisions\/22897"}],"wp:attachment":[{"href":"https:\/\/webvisionagency.ro\/ro\/wp-json\/wp\/v2\/media?parent=2887"}],"curies":[{"name":"wp","href":"https:\/\/api.w.org\/{rel}","templated":true}]}}